{"id":17,"date":"2014-12-16T18:33:20","date_gmt":"2014-12-16T18:33:20","guid":{"rendered":"http:\/\/ork-con.de\/?page_id=17"},"modified":"2023-09-27T21:50:15","modified_gmt":"2023-09-27T21:50:15","slug":"impressum","status":"publish","type":"page","link":"https:\/\/ork-con.de\/?page_id=17","title":{"rendered":"Impressum und DSGVO"},"content":{"rendered":"<div id=\"pl-17\"  class=\"panel-layout\" ><div id=\"pg-17-0\"  class=\"panel-grid panel-has-style\" ><div style=\"padding: 100px 0; \" data-overlay=\"true\" class=\"panel-row-style panel-row-style-for-17-0\" ><div id=\"pgc-17-0-0\"  class=\"panel-grid-cell\" ><div id=\"panel-17-0-0-0\" class=\"so-panel widget widget_sow-editor panel-first-child\" data-index=\"0\" ><div\n\t\t\t\n\t\t\tclass=\"so-widget-sow-editor so-widget-sow-editor-base\"\n\t\t\t\n\t\t>\n<div class=\"siteorigin-widget-tinymce textwidget\">\n\t<h1>O.R.K.S. e. V.<\/h1>\n<p>Unsere Zeichen: VR653<br \/>\nZust\u00e4ndiges Amtsgericht: Amtsgericht Schweinfurt<\/p>\n<p><span data-reactid=\".54.$mid=11420315395873=233dc40297c16ff9662.2:0.0.0.0.0\"> Vorstandsvorsitzende<\/span><\/p>\n<p><span data-reactid=\".54.$mid=11420315395873=233dc40297c16ff9662.2:0.0.0.0.0\"> Michaela Derzapf<\/span><\/p>\n<p>Am Hoch 44<\/p>\n<p>97534 Waigolshausen<\/p>\n<p>e-mail:<br \/>\n<a href=\"mailto:orga@ork-con.de\">[ info@orks-ev.de ]<\/a><\/p>\n<\/div>\n<\/div><\/div><div id=\"panel-17-0-0-1\" class=\"so-panel widget widget_sow-editor\" data-index=\"1\" ><div\n\t\t\t\n\t\t\tclass=\"so-widget-sow-editor so-widget-sow-editor-base\"\n\t\t\t\n\t\t>\n<div class=\"siteorigin-widget-tinymce textwidget\">\n\t<h4>Erkl\u00e4rung zu verlinkten Websites auf unserer Site<\/h4>\n<p>Mit Urteil vom 12. 05. 1998 \u2014312 0 85\/98\u2014 Haftung f\u00fcr Links; hat das Landgericht (LG) Hamburg entschieden, dass man durch die Erstellung eines Links, die Inhalte der verlinkten Seite ggf. mitzuverantworten hat. Dies kann \u2014so das Gericht\u2014 nur dadurch verhindert werden, indem man sich ausdr\u00fccklich von diesen Inhalten distanziert.<\/p>\n<p>Da wir keinerlei Einfluss auf die Gestaltung und die Inhalte der verlinkten Websites, bzw. den Inhalt deren m\u00f6glichen Chats, Foren und Bannereinblendungen haben, distanzieren wir uns ausdr\u00fccklich von allen Inhalten aller verlinkten Websites auf diesen Servern und machen uns die Inhalte der verlinkten Seiten, bw. den Texten in Chats, Foren und Bannerns nicht zu eigen.<\/p>\n<p>Diese Erkl\u00e4rung gilt f\u00fcr alle verf\u00fcgbaren Links und Foren auf diesem Server. F\u00fcr aus diesem Angebot heruntergeladene Software, Daten, oder vergleichbares \u00fcbernehmen wir keine Haftung.<\/p>\n<\/div>\n<\/div><\/div><div id=\"panel-17-0-0-2\" class=\"so-panel widget widget_sow-editor\" data-index=\"2\" ><div\n\t\t\t\n\t\t\tclass=\"so-widget-sow-editor so-widget-sow-editor-base\"\n\t\t\t\n\t\t>\n<div class=\"siteorigin-widget-tinymce textwidget\">\n\t<h4>Haftung f\u00fcr Inhalte<\/h4>\n<p>Die Inhalte der verschiedenen Seiten wurden mit Sorgfalt erstellt. F\u00fcr die Richtigkeit, Vollst\u00e4ndigkeit und Aktualit\u00e4t der Inhalte k\u00f6nnen wir jedoch keine Gew\u00e4hr \u00fcbernehmen.<\/p>\n<\/div>\n<\/div><\/div><div id=\"panel-17-0-0-3\" class=\"so-panel widget widget_sow-editor\" data-index=\"3\" ><div\n\t\t\t\n\t\t\tclass=\"so-widget-sow-editor so-widget-sow-editor-base\"\n\t\t\t\n\t\t>\n<div class=\"siteorigin-widget-tinymce textwidget\">\n\t<h4>Haftung f\u00fcr Links<\/h4>\n<p>Das Angebot enth\u00e4lt Links zu externen Websites Dritter, auf deren Inhalte wir keinen Einfluss haben. Deshalb k\u00f6nnen wir f\u00fcr diese fremden Inhalte auch keine Gew\u00e4hr \u00fcbernehmen. F\u00fcr die Inhalte der verlinkten Sites ist stets der jeweilige Anbieter oder Betreiber der Sites verantwortlich.<\/p>\n<p>Rechtswidrige Inhalte waren zum Zeitpunkt der Verlinkung nicht erkennbar.<\/p>\n<p>Eine permanente inhaltliche Kontrolle der verlinkten Sites ist jedoch ohne konkrete Anhaltspunkte einer Rechtsverletzung nicht zumutbar. Bei Bekanntwerden von Rechtsverletzungen werden derartige Links umgehend entfernt.<\/p>\n<\/div>\n<\/div><\/div><div id=\"panel-17-0-0-4\" class=\"so-panel widget widget_sow-editor\" data-index=\"4\" ><div\n\t\t\t\n\t\t\tclass=\"so-widget-sow-editor so-widget-sow-editor-base\"\n\t\t\t\n\t\t>\n<div class=\"siteorigin-widget-tinymce textwidget\">\n\t<h4>Urheberrecht<\/h4>\n<p>Die durch die Seitenbetreiber erstellten Inhalte und Werke auf diesen Sites unterliegen dem Urheberrecht. Die Vervielf\u00e4ltigung, Bearbeitung, Verbreitung und jede Art der Verwertung au\u00dferhalb der Grenzen des Urheberrechtes bed\u00fcrfen der schriftlichen Zustimmung des jeweiligen Autors bzw Erstellers. Downloads und Kopien dieser Seite sind nur f\u00fcr den privaten, nicht kommerziellen Gebrauch gestattet. Soweit die Inhalte auf dieser Site nicht vom Betreiber erstellt wurden, werden die Urheberrechte Dritter beachtet. Insbesondere werden Inhalte Dritter also solche gekennzeichnet. Sollten Sie trotzdem auf eine Urheberrechtsverletzung aufmerksam werden, bitten wir um einen entsprechenden Hinweis.<\/p>\n<p>Bei Bekanntwerden von Rechtsverletzungen werden wir derartige Inhalte umgehend entfernen.<\/p>\n<\/div>\n<\/div><\/div><div id=\"panel-17-0-0-5\" class=\"so-panel widget widget_sow-editor\" data-index=\"5\" ><div\n\t\t\t\n\t\t\tclass=\"so-widget-sow-editor so-widget-sow-editor-base\"\n\t\t\t\n\t\t>\n<div class=\"siteorigin-widget-tinymce textwidget\">\n\t<h4>Datenschutz<\/h4>\n<p>Die Nutzung der Website ist in der Regel ohne Angabe personenbezogener Daten m\u00f6glich.<\/p>\n<p>Soweit personenbezogene Daten (beispielsweise Name, Anschrift, oder eMail-Adresse) erhoben werden, erfolgt dies, soweit m\u00f6glich, stets auf freiwilliger Basis. Diese Daten werden ohne Ihre ausdr\u00fcckliche Zustimmung nicht an Dritte weitergegeben.<\/p>\n<p>Wir weisen darauf hin, dass die Daten\u00fcbertragung im Internet (z.B. bei der Kommunikation per eMail) Sicherheitsl\u00fccken aufweisen kann. Ein l\u00fcckenloser Schutz der Daten vor dem Zugriff durch Dritte ist nich m\u00f6glich.<\/p>\n<p>Der Nutzung von im Rahmen der Impressumspflicht ver\u00f6ffentlichten Kontaktdaten durch Dritte zur \u00dcbersendung von nicht ausdr\u00fccklich angeforderter Werbung und Onformationsmaterialien wird hiermit ausdr\u00fccklich widersprochen.<\/p>\n<\/div>\n<\/div><\/div><div id=\"panel-17-0-0-6\" class=\"so-panel widget widget_sow-editor panel-last-child\" data-index=\"6\" ><div\n\t\t\t\n\t\t\tclass=\"so-widget-sow-editor so-widget-sow-editor-base\"\n\t\t\t\n\t\t><h3 class=\"widget-title\">DSGVO<\/h3>\n<div class=\"siteorigin-widget-tinymce textwidget\">\n\t<h4>Hinweise zur Datenschutzgrundverordnung<\/h4>\n<p>Einverst\u00e4ndniserkl\u00e4rung zu Foto- und\/oder Filmaufnahmen<\/p>\n<p>&nbsp;<\/p>\n<p>Ich erkl\u00e4re mich durch den Besuch der Veranstaltung \u201eOrk-Con \u201c damit einverstanden, dass im Rahmen der Veranstaltung Bilder und\/oder Videos von mir gemacht werden und zur Ver\u00f6ffentlichung<\/p>\n<p>&nbsp;<\/p>\n<p>auf der Homepage des ORKS e. V. Schweinfurt (<a href=\"http:\/\/www.orks-ev.de\/\">www.orks-ev.de<\/a> bzw. ork-con.de)<\/p>\n<p>in (Print-)Publikationen des ORKS e. V. Schweinfurt<\/p>\n<p>auf der Facebook-Seite des ORKS e. V. Schweinfurt<\/p>\n<p>&nbsp;<\/p>\n<p>verwendet und zu diesem Zweck abgespeichert werden d\u00fcrfen. Gleiches gilt f\u00fcr meine mich begleitenden, minderj\u00e4hrigen Kinder oder minderj\u00e4hrigen Personen, \u00fcber die ich im Rahmen des Besuchs der Veranstaltung \"Ork-Con\" die Aufsichtspflicht habe.<\/p>\n<p>Die Fotos und\/oder Videos dienen ausschlie\u00dflich der \u00d6ffentlichkeitsarbeit des ORKS e. V. Schweinfurt.<\/p>\n<p>&nbsp;<\/p>\n<p>Ich bin mir dar\u00fcber im Klaren, dass Fotos und\/oder Videos im Internet von beliebigen Personen abgerufen werden k\u00f6nnen. Es kann trotz aller technischer Vorkehrungen nicht ausgeschlossen werden, dass solche Personen die Fotos und\/oder Videos weiterverwenden oder an andere Personen weitergeben.<\/p>\n<p>&nbsp;<\/p>\n<p>Ich habe die unten angef\u00fchrten Hinweise gem. Art. 13 DSGVO-EU gelesen und verstanden.<\/p>\n<p>&nbsp;<\/p>\n<p>Diese Einverst\u00e4ndniserkl\u00e4rung ist freiwillig und kann gegen\u00fcber dem ORKS e. V. Schweinfurt jederzeit mit Wirkung f\u00fcr die Zukunft widerrufen werden. Sind die Aufnahmen im Internet verf\u00fcgbar, erfolgt die Entfernung, soweit dies dem Verein m\u00f6glich ist.<\/p>\n<p>&nbsp;<\/p>\n<p><b>Pro-Tip:<\/b> Unser Fotograf fragt in aller Regel, ob er ein Foto von euch oder eurer Gruppe schie\u00dfen darf. Falls ihr das nicht wollt, geht einfach kurz aus dem Aufnahmebereich, lasst ihn sein Foto machen und setzt euch wieder, wenn er sich getrollt hat.<\/p>\n<p>&nbsp;<\/p>\n<h1>Art. 13 DSGVO Informationspflicht bei Erhebung von personenbezogenen Daten bei der betroffenen Person<\/h1>\n<ol>\n<li>Werden personenbezogene Daten bei der betroffenen Person erhoben, so teilt der Verantwortliche der betroffenen Person zum Zeitpunkt der Erhebung dieser Daten Folgendes mit:\n<ol>\n<li>den Namen und die Kontaktdaten des Verantwortlichen sowie gegebenenfalls seines Vertreters;<\/li>\n<li>gegebenenfalls die Kontaktdaten des Datenschutzbeauftragten;<\/li>\n<li>die Zwecke, f\u00fcr die die personenbezogenen Daten verarbeitet werden sollen, sowie die Rechtsgrundlage f\u00fcr die Verarbeitung;<\/li>\n<li>wenn die Verarbeitung auf <a href=\"https:\/\/dsgvo-gesetz.de\/art-6-dsgvo\/\">Artikel 6<\/a> Absatz 1 Buchstabe f beruht, die berechtigten Interessen, die von dem Verantwortlichen oder einem Dritten verfolgt werden;<\/li>\n<li>gegebenenfalls die Empf\u00e4nger oder Kategorien von Empf\u00e4ngern der personenbezogenen Daten und<\/li>\n<li>gegebenenfalls die Absicht des Verantwortlichen, die personenbezogenen Daten an ein Drittland oder eine internationale Organisation zu \u00fcbermitteln, sowie das Vorhandensein oder das Fehlen eines Angemessenheitsbeschlusses der Kommission oder im Falle von \u00dcbermittlungen gem\u00e4\u00df <a href=\"https:\/\/dsgvo-gesetz.de\/art-46-dsgvo\/\">Artikel 46<\/a> oder <a href=\"https:\/\/dsgvo-gesetz.de\/art-47-dsgvo\/\">Artikel 47<\/a> oder <a href=\"https:\/\/dsgvo-gesetz.de\/art-49-dsgvo\/\">Artikel 49<\/a> Absatz 1 Unterabsatz 2 einen Verweis auf die geeigneten oder angemessenen Garantien und die M\u00f6glichkeit, wie eine Kopie von ihnen zu erhalten ist, oder wo sie verf\u00fcgbar sind.<\/li>\n<\/ol>\n<\/li>\n<li>Zus\u00e4tzlich zu den Informationen gem\u00e4\u00df Absatz 1 stellt der Verantwortliche der betroffenen Person zum Zeitpunkt der Erhebung dieser Daten folgende weitere Informationen zur Verf\u00fcgung, die notwendig sind, um eine faire und transparente Verarbeitung zu gew\u00e4hrleisten:\n<ol>\n<li>die Dauer, f\u00fcr die die personenbezogenen Daten gespeichert werden oder, falls dies nicht m\u00f6glich ist, die Kriterien f\u00fcr die Festlegung dieser Dauer;<\/li>\n<li>das Bestehen eines Rechts auf Auskunft seitens des Verantwortlichen \u00fcber die betreffenden personenbezogenen Daten sowie auf Berichtigung oder L\u00f6schung oder auf Einschr\u00e4nkung der Verarbeitung oder eines Widerspruchsrechts gegen die Verarbeitung sowie des Rechts auf Daten\u00fcbertragbarkeit;<\/li>\n<li>wenn die Verarbeitung auf <a href=\"https:\/\/dsgvo-gesetz.de\/art-6-dsgvo\/\">Artikel 6<\/a> Absatz 1 Buchstabe a oder <a href=\"https:\/\/dsgvo-gesetz.de\/art-9-dsgvo\/\">Artikel 9<\/a> Absatz 2 Buchstabe a beruht, das Bestehen eines Rechts, die Einwilligung jederzeit zu widerrufen, ohne dass die Rechtm\u00e4\u00dfigkeit der aufgrund der Einwilligung bis zum Widerruf erfolgten Verarbeitung ber\u00fchrt wird;<\/li>\n<li>das Bestehen eines Beschwerderechts bei einer Aufsichtsbeh\u00f6rde;<\/li>\n<li>ob die Bereitstellung der personenbezogenen Daten gesetzlich oder vertraglich vorgeschrieben oder f\u00fcr einen Vertragsabschluss erforderlich ist, ob die betroffene Person verpflichtet ist, die personenbezogenen Daten bereitzustellen, und welche m\u00f6gliche Folgen die Nichtbereitstellung h\u00e4tte und<\/li>\n<li>das Bestehen einer automatisierten Entscheidungsfindung einschlie\u00dflich Profiling gem\u00e4\u00df <a href=\"https:\/\/dsgvo-gesetz.de\/art-22-dsgvo\/\">Artikel 22<\/a> Abs\u00e4tze 1 und 4 und \u2013 zumindest in diesen F\u00e4llen \u2013 aussagekr\u00e4ftige Informationen \u00fcber die involvierte Logik sowie die Tragweite und die angestrebten Auswirkungen einer derartigen Verarbeitung f\u00fcr die betroffene Person.<\/li>\n<\/ol>\n<\/li>\n<li>Beabsichtigt der Verantwortliche, die personenbezogenen Daten f\u00fcr einen anderen Zweck weiterzuverarbeiten als den, f\u00fcr den die personenbezogenen Daten erhoben wurden, so stellt er der betroffenen Person vor dieser Weiterverarbeitung Informationen \u00fcber diesen anderen Zweck und alle anderen ma\u00dfgeblichen Informationen gem\u00e4\u00df Absatz 2 zur Verf\u00fcgung.<\/li>\n<li>Die Abs\u00e4tze 1, 2 und 3 finden keine Anwendung, wenn und soweit die betroffene Person bereits \u00fcber die Informationen verf\u00fcgt.<\/li>\n<\/ol>\n<p>&nbsp;<\/p>\n<p>&nbsp;<\/p>\n<\/div>\n<\/div><\/div><\/div><\/div><\/div><\/div>","protected":false},"excerpt":{"rendered":"<p>O.R.K.S. e. V. Unsere Zeichen: VR653 Zust\u00e4ndiges Amtsgericht: Amtsgericht Schweinfurt Vorstandsvorsitzende Michaela Derzapf Am Hoch 44 97534 Waigolshausen e-mail: [ info@orks-ev.de ]<\/p>\n","protected":false},"author":1,"featured_media":0,"parent":0,"menu_order":7,"comment_status":"open","ping_status":"open","template":"page-templates\/page_front-page.php","meta":{"footnotes":""},"class_list":["post-17","page","type-page","status-publish","hentry"],"_links":{"self":[{"href":"https:\/\/ork-con.de\/index.php?rest_route=\/wp\/v2\/pages\/17","targetHints":{"allow":["GET"]}}],"collection":[{"href":"https:\/\/ork-con.de\/index.php?rest_route=\/wp\/v2\/pages"}],"about":[{"href":"https:\/\/ork-con.de\/index.php?rest_route=\/wp\/v2\/types\/page"}],"author":[{"embeddable":true,"href":"https:\/\/ork-con.de\/index.php?rest_route=\/wp\/v2\/users\/1"}],"replies":[{"embeddable":true,"href":"https:\/\/ork-con.de\/index.php?rest_route=%2Fwp%2Fv2%2Fcomments&post=17"}],"version-history":[{"count":38,"href":"https:\/\/ork-con.de\/index.php?rest_route=\/wp\/v2\/pages\/17\/revisions"}],"predecessor-version":[{"id":1783,"href":"https:\/\/ork-con.de\/index.php?rest_route=\/wp\/v2\/pages\/17\/revisions\/1783"}],"wp:attachment":[{"href":"https:\/\/ork-con.de\/index.php?rest_route=%2Fwp%2Fv2%2Fmedia&parent=17"}],"curies":[{"name":"wp","href":"https:\/\/api.w.org\/{rel}","templated":true}]}}