{"id":2,"date":"2014-12-03T17:49:10","date_gmt":"2014-12-03T17:49:10","guid":{"rendered":"http:\/\/ork-con.de\/?page_id=2"},"modified":"2017-08-08T13:10:11","modified_gmt":"2017-08-08T13:10:11","slug":"beispiel-seite","status":"publish","type":"page","link":"https:\/\/ork-con.de\/?page_id=2","title":{"rendered":"Hausordnung"},"content":{"rendered":"<div id=\"pl-2\"  class=\"panel-layout\" ><div id=\"pg-2-0\"  class=\"panel-grid panel-has-style\" ><div style=\"padding: 100px 0; \" data-overlay=\"true\" class=\"panel-row-style panel-row-style-for-2-0\" ><div id=\"pgc-2-0-0\"  class=\"panel-grid-cell\" ><div id=\"panel-2-0-0-0\" class=\"so-panel widget widget_sow-editor panel-first-child panel-last-child\" data-index=\"0\" ><div\n\t\t\t\n\t\t\tclass=\"so-widget-sow-editor so-widget-sow-editor-base\"\n\t\t\t\n\t\t>\n<div class=\"siteorigin-widget-tinymce textwidget\">\n\t<h1>Hausordnung<\/h1>\n<div class=\"text_block\"><\/div>\n<div class=\"text_block\"><\/div>\n<div class=\"text_block\">OrkCon Hausordnung<\/p>\n<p>\u2014 Den Anweisungen der Organisatoren, Personals, und Veranstalter ist Folge zu leisten.<br \/>\n\u2014 Das Jugendhaus ist vollst\u00e4ndig behindertengerecht ausgestattet.<br \/>\n\u2014 Kinder unter 14 Jahren ben\u00f6tigen eine Begleitperson.<br \/>\n\u2014 Alkohol und Drogen sind nicht gestattet.<br \/>\n\u2014 Im gesamten Geb\u00e4ude z\u00e4hlt striktes Verbot f\u00fcr das Konsumieren von Zigaretten und E-Zigaretten.<br \/>\n\u2014 Tiere sind nicht erlaubt. Ausgenommen hiervon sind Begleiter, die f\u00fcr die Versorgung und Unterst\u00fctzung Behinderter trainiert sind.<br \/>\n\u2014 Offenes Feuer ist nicht gestattet.<br \/>\n\u2014 Nutzung der Steckdosen auf eigene Gefahr.<br \/>\n\u2014 Das Mitbringen von eigenen Getr\u00e4nken und Nahrung ist gestattet.<br \/>\n\u2014 Kommerzieller Handel ist nur mit Absprache der Organisatoren gestattet. Privatverk\u00e4ufe sind ok.<br \/>\n\u2014 Das Auslegen von Werbemitteln ist nur mit Absprache der Organisatoren gestattet.<br \/>\n\u2014 Fluchtwege sind und unter allen Umst\u00e4nden frei zu halten.<br \/>\n\u2014 Die Organisatoren haben das Recht, st\u00f6rende Elemente oder Personen von der Veranstaltung zu verweisen.<br \/>\n\u2014 Weder das Jugendhaus Fr\u00e4nz noch der ORKS e.V. haften f\u00fcr den Besitz und Garderobe der Besucher.<br \/>\n\u2014 Fundsachen werden im B\u00fcro gesammelt und k\u00f6nnen dort abgeholt werden.<br \/>\n\u2014 Nach der Veranstaltung werden nicht abgeholte Fundsachen an den B\u00fcrgerservice der Stadt Schweinfurt \u00fcbergeben und werden dort gem\u00e4\u00df den gesetzlichen Bestimmungen verwahrt.<\/p>\n<p>Hausordnung Fr\u00e4nz<\/p>\n<p>\u2014 Die \u00d6ffnungszeiten werden durch Aushang bekannt gegeben.<br \/>\n\u2014 Das Hausrecht \u00fcben Mitarbeiter\/-innen aus.<br \/>\n\u2014 F\u00fcr mutwillige Besch\u00e4digungen haftet der Verursacher. Sch\u00e4den sind unverz\u00fcglich den Mitarbeiter(inne)n zu melden. F\u00fcr abhanden gekommenes oder besch\u00e4digtes Eigentum der Besucher\/-innen \u00fcbernimmt das Jugendhaus keine Haftung.<br \/>\n\u2014 Das Mitbringen von alkoholischen Getr\u00e4nken ins Jugendhaus ist nicht gestattet. Branntweinhaltige Getr\u00e4nke d\u00fcrfen im Jugendhaus weder verkauft noch konsumiert werden. Das Verbot bezieht sich auch auf die zum Jugendhaus geh\u00f6renden Freifl\u00e4chen.<br \/>\n\u2014 Tabakwaren d\u00fcrfen im Jugendhaus weder verkauft noch konsumiert werden. Das Verbot bezieht sich auch auf die zum Jugendhaus geh\u00f6renden Freifl\u00e4chen.<br \/>\n\u2014 Die Besucher\/-innen haben R\u00fccksicht auf die Nachbarn und die anderen Nutzer\/-innen des Hauses zu nehmen. Insbesondere ist zu gro\u00dfer L\u00e4rm vor dem Jugendhaus zu vermeiden. Handlungen, die den Betrieb des Jugendhauses st\u00f6ren, sind zu unterlassen.<br \/>\n\u2014 Die Besucher\/-innen des Jugendhauses sind f\u00fcr die Sauberkeit verantwortlich. Benutzte Materialien sind wieder aufzur\u00e4umen, Abf\u00e4lle zu beseitigen.<br \/>\n\u2014 Die Besucher des Jugendhauses erkennen die Hausordnung an.<br \/>\n\u2014 Bei Verst\u00f6\u00dfen gegen die Hausordnung k\u00f6nnen Sofortma\u00dfnahmen, wie ein Betretungsverbot, durch die Mitarbeiter\/-innen ausgesprochen werden.<br \/>\n\u2014 Die Hausordnung gilt f\u00fcr alle R\u00e4umlichkeiten des Hauses und f\u00fcr das dazugeh\u00f6rende Freigel\u00e4nde. Im \u00dcbrigen gelten die Bestimmungen des Jugendschutzgesetzes in der jeweils g\u00fcltigen Fassung.<br \/>\n\u2014 Die Hausordnung ist verbindlicher Bestandteil des Mietvertrages.<\/p>\n<\/div>\n<\/div>\n<\/div><\/div><\/div><\/div><\/div><div id=\"pg-2-1\"  class=\"panel-grid panel-has-style\" ><div style=\"padding: 50px 0; \" data-overlay=\"true\" class=\"panel-row-style panel-row-style-for-2-1\" ><div id=\"pgc-2-1-0\"  class=\"panel-grid-cell panel-grid-cell-empty\" ><\/div><div id=\"pgc-2-1-1\"  class=\"panel-grid-cell panel-grid-cell-empty\" ><\/div><div id=\"pgc-2-1-2\"  class=\"panel-grid-cell panel-grid-cell-empty panel-grid-cell-mobile-last\" ><\/div><div id=\"pgc-2-1-3\"  class=\"panel-grid-cell panel-grid-cell-empty\" ><\/div><\/div><\/div><\/div>","protected":false},"excerpt":{"rendered":"<p>Hausordnung OrkCon Hausordnung \u2014 Den Anweisungen der Organisatoren, Personals, und Veranstalter ist Folge zu leisten. \u2014 Das Jugendhaus ist vollst\u00e4ndig behindertengerecht ausgestattet. [&hellip;]<\/p>\n","protected":false},"author":1,"featured_media":0,"parent":0,"menu_order":2,"comment_status":"open","ping_status":"open","template":"page-templates\/page_fullwidth.php","meta":{"footnotes":""},"class_list":["post-2","page","type-page","status-publish","hentry"],"yoast_head":"<!-- This site is optimized with the Yoast SEO plugin v27.4 - https:\/\/yoast.com\/product\/yoast-seo-wordpress\/ -->\n<title>Hausordnung - Ork Con 2025<\/title>\n<meta name=\"robots\" content=\"index, follow, max-snippet:-1, max-image-preview:large, max-video-preview:-1\" \/>\n<link rel=\"canonical\" href=\"http:\/\/ork-con.de\/?page_id=2\" \/>\n<meta property=\"og:locale\" content=\"de_DE\" \/>\n<meta property=\"og:type\" content=\"article\" \/>\n<meta property=\"og:title\" content=\"Hausordnung - Ork Con 2025\" \/>\n<meta property=\"og:description\" content=\"Hausordnung OrkCon Hausordnung \u2014 Den Anweisungen der Organisatoren, Personals, und Veranstalter ist Folge zu leisten. \u2014 Das Jugendhaus ist vollst\u00e4ndig behindertengerecht ausgestattet. [&hellip;]\" \/>\n<meta property=\"og:url\" content=\"http:\/\/ork-con.de\/?page_id=2\" \/>\n<meta property=\"og:site_name\" content=\"Ork Con 2025\" \/>\n<meta property=\"article:modified_time\" content=\"2017-08-08T13:10:11+00:00\" \/>\n<meta name=\"twitter:card\" content=\"summary_large_image\" \/>\n<meta name=\"twitter:label1\" content=\"Gesch\u00e4tzte Lesezeit\" \/>\n\t<meta name=\"twitter:data1\" content=\"2\u00a0Minuten\" \/>\n<script type=\"application\/ld+json\" class=\"yoast-schema-graph\">{\"@context\":\"https:\\\/\\\/schema.org\",\"@graph\":[{\"@type\":\"WebPage\",\"@id\":\"http:\\\/\\\/ork-con.de\\\/?page_id=2\",\"url\":\"http:\\\/\\\/ork-con.de\\\/?page_id=2\",\"name\":\"Hausordnung - Ork Con 2025\",\"isPartOf\":{\"@id\":\"https:\\\/\\\/ork-con.de\\\/#website\"},\"datePublished\":\"2014-12-03T17:49:10+00:00\",\"dateModified\":\"2017-08-08T13:10:11+00:00\",\"breadcrumb\":{\"@id\":\"http:\\\/\\\/ork-con.de\\\/?page_id=2#breadcrumb\"},\"inLanguage\":\"de\",\"potentialAction\":[{\"@type\":\"ReadAction\",\"target\":[\"http:\\\/\\\/ork-con.de\\\/?page_id=2\"]}]},{\"@type\":\"BreadcrumbList\",\"@id\":\"http:\\\/\\\/ork-con.de\\\/?page_id=2#breadcrumb\",\"itemListElement\":[{\"@type\":\"ListItem\",\"position\":1,\"name\":\"Start\",\"item\":\"https:\\\/\\\/ork-con.de\\\/\"},{\"@type\":\"ListItem\",\"position\":2,\"name\":\"Hausordnung\"}]},{\"@type\":\"WebSite\",\"@id\":\"https:\\\/\\\/ork-con.de\\\/#website\",\"url\":\"https:\\\/\\\/ork-con.de\\\/\",\"name\":\"Ork Con 2025\",\"description\":\"Orks und Spiele\",\"potentialAction\":[{\"@type\":\"SearchAction\",\"target\":{\"@type\":\"EntryPoint\",\"urlTemplate\":\"https:\\\/\\\/ork-con.de\\\/?s={search_term_string}\"},\"query-input\":{\"@type\":\"PropertyValueSpecification\",\"valueRequired\":true,\"valueName\":\"search_term_string\"}}],\"inLanguage\":\"de\"}]}<\/script>\n<!-- \/ Yoast SEO plugin. -->","yoast_head_json":{"title":"Hausordnung - Ork Con 2025","robots":{"index":"index","follow":"follow","max-snippet":"max-snippet:-1","max-image-preview":"max-image-preview:large","max-video-preview":"max-video-preview:-1"},"canonical":"http:\/\/ork-con.de\/?page_id=2","og_locale":"de_DE","og_type":"article","og_title":"Hausordnung - Ork Con 2025","og_description":"Hausordnung OrkCon Hausordnung \u2014 Den Anweisungen der Organisatoren, Personals, und Veranstalter ist Folge zu leisten. \u2014 Das Jugendhaus ist vollst\u00e4ndig behindertengerecht ausgestattet. [&hellip;]","og_url":"http:\/\/ork-con.de\/?page_id=2","og_site_name":"Ork Con 2025","article_modified_time":"2017-08-08T13:10:11+00:00","twitter_card":"summary_large_image","twitter_misc":{"Gesch\u00e4tzte Lesezeit":"2\u00a0Minuten"},"schema":{"@context":"https:\/\/schema.org","@graph":[{"@type":"WebPage","@id":"http:\/\/ork-con.de\/?page_id=2","url":"http:\/\/ork-con.de\/?page_id=2","name":"Hausordnung - Ork Con 2025","isPartOf":{"@id":"https:\/\/ork-con.de\/#website"},"datePublished":"2014-12-03T17:49:10+00:00","dateModified":"2017-08-08T13:10:11+00:00","breadcrumb":{"@id":"http:\/\/ork-con.de\/?page_id=2#breadcrumb"},"inLanguage":"de","potentialAction":[{"@type":"ReadAction","target":["http:\/\/ork-con.de\/?page_id=2"]}]},{"@type":"BreadcrumbList","@id":"http:\/\/ork-con.de\/?page_id=2#breadcrumb","itemListElement":[{"@type":"ListItem","position":1,"name":"Start","item":"https:\/\/ork-con.de\/"},{"@type":"ListItem","position":2,"name":"Hausordnung"}]},{"@type":"WebSite","@id":"https:\/\/ork-con.de\/#website","url":"https:\/\/ork-con.de\/","name":"Ork Con 2025","description":"Orks und Spiele","potentialAction":[{"@type":"SearchAction","target":{"@type":"EntryPoint","urlTemplate":"https:\/\/ork-con.de\/?s={search_term_string}"},"query-input":{"@type":"PropertyValueSpecification","valueRequired":true,"valueName":"search_term_string"}}],"inLanguage":"de"}]}},"_links":{"self":[{"href":"https:\/\/ork-con.de\/index.php?rest_route=\/wp\/v2\/pages\/2","targetHints":{"allow":["GET"]}}],"collection":[{"href":"https:\/\/ork-con.de\/index.php?rest_route=\/wp\/v2\/pages"}],"about":[{"href":"https:\/\/ork-con.de\/index.php?rest_route=\/wp\/v2\/types\/page"}],"author":[{"embeddable":true,"href":"https:\/\/ork-con.de\/index.php?rest_route=\/wp\/v2\/users\/1"}],"replies":[{"embeddable":true,"href":"https:\/\/ork-con.de\/index.php?rest_route=%2Fwp%2Fv2%2Fcomments&post=2"}],"version-history":[{"count":45,"href":"https:\/\/ork-con.de\/index.php?rest_route=\/wp\/v2\/pages\/2\/revisions"}],"predecessor-version":[{"id":945,"href":"https:\/\/ork-con.de\/index.php?rest_route=\/wp\/v2\/pages\/2\/revisions\/945"}],"wp:attachment":[{"href":"https:\/\/ork-con.de\/index.php?rest_route=%2Fwp%2Fv2%2Fmedia&parent=2"}],"curies":[{"name":"wp","href":"https:\/\/api.w.org\/{rel}","templated":true}]}}