{"id":59,"date":"2014-12-29T08:58:57","date_gmt":"2014-12-29T08:58:57","guid":{"rendered":"http:\/\/ork-con.de\/?page_id=59"},"modified":"2023-09-24T20:51:30","modified_gmt":"2023-09-24T20:51:30","slug":"anfahrt","status":"publish","type":"page","link":"https:\/\/ork-con.de\/?page_id=59","title":{"rendered":"Anfahrt"},"content":{"rendered":"<div id=\"pl-59\"  class=\"panel-layout\" ><div id=\"pg-59-0\"  class=\"panel-grid panel-has-style\" ><div style=\"padding: 100px 0; \" data-overlay=\"true\" class=\"panel-row-style panel-row-style-for-59-0\" ><div id=\"pgc-59-0-0\"  class=\"panel-grid-cell\" ><div id=\"panel-59-0-0-0\" class=\"so-panel widget widget_sow-editor panel-first-child\" data-index=\"0\" ><div\n\t\t\t\n\t\t\tclass=\"so-widget-sow-editor so-widget-sow-editor-base\"\n\t\t\t\n\t\t>\n<div class=\"siteorigin-widget-tinymce textwidget\">\n\t<h1>Schweinfurter Jugendhaus<\/h1>\n<p>Franz-Schubert-Stra\u00dfe 26<br \/>\n97421 Schweinfurt<br \/>\nAnreise mit dem Bus:<br \/>\nBuslinie 21 Haltestelle Mozartstra\u00dfe<\/p>\n<h2>Unterkunft<\/h2>\n<p>Im Jugendhaus ist das \u00dcbernachten aufgrund brandschutzrechtlicher Vorschriften grunds\u00e4tzlich nicht gestattet.<br \/>\nGegen ein kleines Nickerchen in den Spielbereichsr\u00e4umen ist jedoch nichts einzuwenden, sofern man das allgemeine Stimmengewirr ausblenden kann.<\/p>\n<h2>Barrierefreiheit<\/h2>\n<p>Das Jugendhaus Fr\u00c4nz ist mit einem Rollstuhl zug\u00e4nglich. Es gibt einen Aufzug, durch den auch der erste Stock erreichbar ist. Im Erdgescho\u00df befindet sich eine behindertengerechte Toilette.<\/p>\n<\/div>\n<\/div><\/div><div id=\"panel-59-0-0-1\" class=\"so-panel widget widget_sow-editor panel-last-child\" data-index=\"1\" ><div\n\t\t\t\n\t\t\tclass=\"so-widget-sow-editor so-widget-sow-editor-base\"\n\t\t\t\n\t\t>\n<div class=\"siteorigin-widget-tinymce textwidget\">\n\t<h2>Floorplan<\/h2>\n<p><a href=\"http:\/\/ork-con.de\/wp-content\/uploads\/2023\/09\/jugendhaus_level_1.png\"><img loading=\"lazy\" decoding=\"async\" class=\"alignleft wp-image-1707 size-large\" src=\"http:\/\/ork-con.de\/wp-content\/uploads\/2023\/09\/jugendhaus_level_1-1024x725.png\" alt=\"\" width=\"1024\" height=\"725\" srcset=\"https:\/\/ork-con.de\/wp-content\/uploads\/2023\/09\/jugendhaus_level_1-1024x725.png 1024w, https:\/\/ork-con.de\/wp-content\/uploads\/2023\/09\/jugendhaus_level_1-300x212.png 300w, https:\/\/ork-con.de\/wp-content\/uploads\/2023\/09\/jugendhaus_level_1-768x544.png 768w, https:\/\/ork-con.de\/wp-content\/uploads\/2023\/09\/jugendhaus_level_1-1536x1087.png 1536w, https:\/\/ork-con.de\/wp-content\/uploads\/2023\/09\/jugendhaus_level_1-2048x1450.png 2048w, https:\/\/ork-con.de\/wp-content\/uploads\/2023\/09\/jugendhaus_level_1-830x588.png 830w, https:\/\/ork-con.de\/wp-content\/uploads\/2023\/09\/jugendhaus_level_1-230x163.png 230w, https:\/\/ork-con.de\/wp-content\/uploads\/2023\/09\/jugendhaus_level_1-350x248.png 350w, https:\/\/ork-con.de\/wp-content\/uploads\/2023\/09\/jugendhaus_level_1-480x340.png 480w\" sizes=\"auto, (max-width: 1024px) 100vw, 1024px\" \/><\/a><a href=\"http:\/\/ork-con.de\/wp-content\/uploads\/2023\/09\/jugendhaus_level_2.png\"><img loading=\"lazy\" decoding=\"async\" class=\"wp-image-1708 size-large alignleft\" src=\"http:\/\/ork-con.de\/wp-content\/uploads\/2023\/09\/jugendhaus_level_2-1024x725.png\" alt=\"\" width=\"1024\" height=\"725\" srcset=\"https:\/\/ork-con.de\/wp-content\/uploads\/2023\/09\/jugendhaus_level_2-1024x725.png 1024w, https:\/\/ork-con.de\/wp-content\/uploads\/2023\/09\/jugendhaus_level_2-300x212.png 300w, https:\/\/ork-con.de\/wp-content\/uploads\/2023\/09\/jugendhaus_level_2-768x544.png 768w, https:\/\/ork-con.de\/wp-content\/uploads\/2023\/09\/jugendhaus_level_2-1536x1087.png 1536w, https:\/\/ork-con.de\/wp-content\/uploads\/2023\/09\/jugendhaus_level_2-2048x1450.png 2048w, https:\/\/ork-con.de\/wp-content\/uploads\/2023\/09\/jugendhaus_level_2-830x588.png 830w, https:\/\/ork-con.de\/wp-content\/uploads\/2023\/09\/jugendhaus_level_2-230x163.png 230w, https:\/\/ork-con.de\/wp-content\/uploads\/2023\/09\/jugendhaus_level_2-350x248.png 350w, https:\/\/ork-con.de\/wp-content\/uploads\/2023\/09\/jugendhaus_level_2-480x340.png 480w\" sizes=\"auto, (max-width: 1024px) 100vw, 1024px\" \/><\/a><\/p>\n<\/div>\n<\/div><\/div><\/div><div id=\"pgc-59-0-1\"  class=\"panel-grid-cell\" ><div id=\"panel-59-0-1-0\" class=\"so-panel widget widget_sow-editor panel-first-child panel-last-child\" data-index=\"2\" ><div\n\t\t\t\n\t\t\tclass=\"so-widget-sow-editor so-widget-sow-editor-base\"\n\t\t\t\n\t\t>\n<div class=\"siteorigin-widget-tinymce textwidget\">\n\t<p><iframe loading=\"lazy\" style=\"border: 0;\" src=\"https:\/\/www.google.com\/maps\/embed?pb=!1m14!1m8!1m3!1d1280.9400857363628!2d10.215594!3d50.051075999999995!3m2!1i1024!2i768!4f13.1!3m3!1m2!1s0x41731539a34ff0f7%3A0x5ed34d7da18beb62!2sJugendhaus+Franz-Schubert-Stra%C3%9Fe!5e0!3m2!1sde!2sde!4v1420309807659\" width=\"700\" height=\"400\" frameborder=\"0\"><\/iframe><\/p>\n<\/div>\n<\/div><\/div><\/div><\/div><\/div><\/div>","protected":false},"excerpt":{"rendered":"<p>Schweinfurter Jugendhaus Franz-Schubert-Stra\u00dfe 26 97421 Schweinfurt Anreise mit dem Bus: Buslinie 21 Haltestelle Mozartstra\u00dfe Unterkunft Im Jugendhaus ist das \u00dcbernachten aufgrund brandschutzrechtlicher [&hellip;]<\/p>\n","protected":false},"author":1,"featured_media":0,"parent":0,"menu_order":0,"comment_status":"open","ping_status":"open","template":"page-templates\/page_fullwidth.php","meta":{"footnotes":""},"class_list":["post-59","page","type-page","status-publish","hentry"],"_links":{"self":[{"href":"https:\/\/ork-con.de\/index.php?rest_route=\/wp\/v2\/pages\/59","targetHints":{"allow":["GET"]}}],"collection":[{"href":"https:\/\/ork-con.de\/index.php?rest_route=\/wp\/v2\/pages"}],"about":[{"href":"https:\/\/ork-con.de\/index.php?rest_route=\/wp\/v2\/types\/page"}],"author":[{"embeddable":true,"href":"https:\/\/ork-con.de\/index.php?rest_route=\/wp\/v2\/users\/1"}],"replies":[{"embeddable":true,"href":"https:\/\/ork-con.de\/index.php?rest_route=%2Fwp%2Fv2%2Fcomments&post=59"}],"version-history":[{"count":75,"href":"https:\/\/ork-con.de\/index.php?rest_route=\/wp\/v2\/pages\/59\/revisions"}],"predecessor-version":[{"id":1754,"href":"https:\/\/ork-con.de\/index.php?rest_route=\/wp\/v2\/pages\/59\/revisions\/1754"}],"wp:attachment":[{"href":"https:\/\/ork-con.de\/index.php?rest_route=%2Fwp%2Fv2%2Fmedia&parent=59"}],"curies":[{"name":"wp","href":"https:\/\/api.w.org\/{rel}","templated":true}]}}