{"id":7,"date":"2014-12-16T18:30:38","date_gmt":"2014-12-16T18:30:38","guid":{"rendered":"http:\/\/ork-con.de\/?page_id=7"},"modified":"2025-11-05T21:55:49","modified_gmt":"2025-11-05T21:55:49","slug":"home","status":"publish","type":"page","link":"https:\/\/ork-con.de\/","title":{"rendered":"Home"},"content":{"rendered":"<div id=\"pl-7\"  class=\"panel-layout\" ><div id=\"pg-7-0\"  class=\"panel-grid panel-has-style\" ><div class=\"siteorigin-panels-stretch panel-row-style panel-row-style-for-7-0\" style=\"text-align: center;padding: 50px 0; \" data-stretch-type=\"full\" data-overlay=\"true\" data-overlay-color=\"#000000\" ><div id=\"pgc-7-0-0\"  class=\"panel-grid-cell\" ><div id=\"panel-7-0-0-0\" class=\"so-panel widget widget_text panel-first-child panel-last-child\" data-index=\"0\" ><div style=\"text-align: center;\" data-title-color=\"#ffffff\" data-headings-color=\"#ffffff\" class=\"panel-widget-style panel-widget-style-for-7-0-0-0\" >\t\t\t<div class=\"textwidget\"><p><strong>03. &amp; 04. O(r)ktober 2026<\/strong><\/p>\n<\/div>\n\t\t<\/div><\/div><\/div><\/div><\/div><div id=\"pg-7-1\"  class=\"panel-grid panel-has-style\" ><div style=\"padding: 100px 0; \" data-overlay=\"true\" data-overlay-color=\"#000000\" class=\"panel-row-style panel-row-style-for-7-1\" ><div id=\"pgc-7-1-0\"  class=\"panel-grid-cell\" ><div id=\"panel-7-1-0-0\" class=\"so-panel widget widget_text panel-first-child\" data-index=\"1\" ><div style=\"text-align: center;\" data-title-color=\"#ffffff\" data-headings-color=\"#ffffff\" class=\"panel-widget-style panel-widget-style-for-7-1-0-0\" ><h3 class=\"widget-title\">Auf der Ork Con erwarten euch viele Angebote!<\/h3>\t\t\t<div class=\"textwidget\"><p>Spannende Rollenspielrunden, Interessannte Brettspiele (mit Hilfe nat\u00fcrlich), H\u00e4ndler,<\/p>\n<p>und vieles mehr<\/p>\n<\/div>\n\t\t<\/div><\/div><div id=\"panel-7-1-0-1\" class=\"so-panel widget widget_siteorigin-panels-builder panel-last-child\" data-index=\"2\" ><div style=\"text-align: center;\" data-title-color=\"#443f3f\" data-headings-color=\"#443f3f\" class=\"panel-widget-style panel-widget-style-for-7-1-0-1\" ><div id=\"pl-w67649346ee728\"  class=\"panel-layout\" ><div id=\"pg-w67649346ee728-0\"  class=\"panel-grid panel-has-style\" ><div style=\"padding: 100px 0; \" data-overlay=\"true\" class=\"panel-row-style panel-row-style-for-w67649346ee728-0\" ><div id=\"pgc-w67649346ee728-0-0\"  class=\"panel-grid-cell\" ><div id=\"panel-w67649346ee728-0-0-0\" class=\"so-panel widget widget_sow-image panel-first-child panel-last-child\" data-index=\"0\" ><div style=\"text-align: left;\" data-title-color=\"#443f3f\" data-headings-color=\"#443f3f\" class=\"panel-widget-style panel-widget-style-for-w67649346ee728-0-0-0\" ><div\n\t\t\t\n\t\t\tclass=\"so-widget-sow-image so-widget-sow-image-default-8b5b6f678277\"\n\t\t\t\n\t\t>\n<div class=\"sow-image-container\">\n\t\t<img \n\tsrc=\"https:\/\/ork-con.de\/wp-content\/uploads\/2014\/12\/rollenspiele.png\" width=\"260\" height=\"213\" srcset=\"https:\/\/ork-con.de\/wp-content\/uploads\/2014\/12\/rollenspiele.png 260w, https:\/\/ork-con.de\/wp-content\/uploads\/2014\/12\/rollenspiele-183x150.png 183w, https:\/\/ork-con.de\/wp-content\/uploads\/2014\/12\/rollenspiele-150x123.png 150w\" sizes=\"(max-width: 260px) 100vw, 260px\" alt=\"Rollenspiele\" \t\tclass=\"so-widget-image\"\/>\n\t<\/div>\n\n<\/div><\/div><\/div><\/div><div id=\"pgc-w67649346ee728-0-1\"  class=\"panel-grid-cell\" ><div id=\"panel-w67649346ee728-0-1-0\" class=\"so-panel widget widget_sow-image panel-first-child panel-last-child\" data-index=\"1\" ><div\n\t\t\t\n\t\t\tclass=\"so-widget-sow-image so-widget-sow-image-default-8b5b6f678277\"\n\t\t\t\n\t\t>\n<div class=\"sow-image-container\">\n\t\t<img \n\tsrc=\"https:\/\/ork-con.de\/wp-content\/uploads\/2014\/12\/tabletop.png\" width=\"260\" height=\"213\" srcset=\"https:\/\/ork-con.de\/wp-content\/uploads\/2014\/12\/tabletop.png 260w, https:\/\/ork-con.de\/wp-content\/uploads\/2014\/12\/tabletop-183x150.png 183w, https:\/\/ork-con.de\/wp-content\/uploads\/2014\/12\/tabletop-150x123.png 150w\" sizes=\"(max-width: 260px) 100vw, 260px\" alt=\"Tabletop\" \t\tclass=\"so-widget-image\"\/>\n\t<\/div>\n\n<\/div><\/div><\/div><div id=\"pgc-w67649346ee728-0-2\"  class=\"panel-grid-cell\" ><div id=\"panel-w67649346ee728-0-2-0\" class=\"so-panel widget widget_sow-image panel-first-child panel-last-child\" data-index=\"2\" ><div\n\t\t\t\n\t\t\tclass=\"so-widget-sow-image so-widget-sow-image-default-8b5b6f678277\"\n\t\t\t\n\t\t>\n<div class=\"sow-image-container\">\n\t\t<img \n\tsrc=\"https:\/\/ork-con.de\/wp-content\/uploads\/2014\/12\/trading_cards.png\" width=\"260\" height=\"213\" srcset=\"https:\/\/ork-con.de\/wp-content\/uploads\/2014\/12\/trading_cards.png 260w, https:\/\/ork-con.de\/wp-content\/uploads\/2014\/12\/trading_cards-183x150.png 183w, https:\/\/ork-con.de\/wp-content\/uploads\/2014\/12\/trading_cards-150x123.png 150w\" sizes=\"(max-width: 260px) 100vw, 260px\" alt=\"Tradingcard\" \t\tclass=\"so-widget-image\"\/>\n\t<\/div>\n\n<\/div><\/div><\/div><div id=\"pgc-w67649346ee728-0-3\"  class=\"panel-grid-cell\" ><div id=\"panel-w67649346ee728-0-3-0\" class=\"so-panel widget widget_sow-image panel-first-child panel-last-child\" data-index=\"3\" ><div\n\t\t\t\n\t\t\tclass=\"so-widget-sow-image so-widget-sow-image-default-8b5b6f678277\"\n\t\t\t\n\t\t>\n<div class=\"sow-image-container\">\n\t\t<img \n\tsrc=\"https:\/\/ork-con.de\/wp-content\/uploads\/2018\/02\/brettspiele.png\" width=\"260\" height=\"213\" srcset=\"https:\/\/ork-con.de\/wp-content\/uploads\/2018\/02\/brettspiele.png 260w, https:\/\/ork-con.de\/wp-content\/uploads\/2018\/02\/brettspiele-230x188.png 230w\" sizes=\"(max-width: 260px) 100vw, 260px\" alt=\"Brettspiele\" \t\tclass=\"so-widget-image\"\/>\n\t<\/div>\n\n<\/div><\/div><\/div><\/div><\/div><\/div><\/div><\/div><\/div><\/div><\/div><div id=\"pg-7-2\"  class=\"panel-grid panel-has-style\" ><div class=\"siteorigin-panels-stretch panel-row-style panel-row-style-for-7-2\" style=\"text-align: center;padding: 50px 0; \" data-stretch-type=\"full\" data-overlay=\"true\" data-overlay-color=\"#000000\" ><div id=\"pgc-7-2-0\"  class=\"panel-grid-cell\" ><div id=\"panel-7-2-0-0\" class=\"so-panel widget widget_text panel-first-child panel-last-child\" data-index=\"3\" ><div style=\"text-align: left;\" data-title-color=\"#ffffff\" data-headings-color=\"#ffffff\" class=\"panel-widget-style panel-widget-style-for-7-2-0-0\" >\t\t\t<div class=\"textwidget\"><h1>Eintrittspreise<\/h1>\n\nWochenende: 6 \u20ac\n<\/br>\nSamstag: 5 \u20ac\n<\/br>\nSonntag: 2 \u20ac\n<\/br>\n\n<\/div><\/div>\n\t\t<\/div><\/div><\/div><\/div><\/div><div id=\"pg-7-3\"  class=\"panel-grid panel-has-style\" ><div class=\"siteorigin-panels-stretch panel-row-style panel-row-style-for-7-3\" style=\"text-align: center;padding: 50px 0; \" data-stretch-type=\"full\" data-overlay=\"true\" data-overlay-color=\"#000000\" ><div id=\"pgc-7-3-0\"  class=\"panel-grid-cell\" ><div id=\"panel-7-3-0-0\" class=\"so-panel widget widget_siteorigin-panels-builder panel-first-child panel-last-child\" data-index=\"4\" ><div style=\"text-align: left;\" data-title-color=\"#443f3f\" data-headings-color=\"#443f3f\" class=\"panel-widget-style panel-widget-style-for-7-3-0-0\" ><div id=\"pl-w676481fd2fe7d\"  class=\"panel-layout\" ><div id=\"pg-w676481fd2fe7d-0\"  class=\"panel-grid panel-has-style\" ><div style=\"padding: 100px 0; \" data-overlay=\"true\" class=\"panel-row-style panel-row-style-for-w676481fd2fe7d-0\" ><div id=\"pgc-w676481fd2fe7d-0-0\"  class=\"panel-grid-cell\" ><div id=\"panel-w676481fd2fe7d-0-0-0\" class=\"so-panel widget widget_sow-image panel-first-child panel-last-child\" data-index=\"0\" ><div\n\t\t\t\n\t\t\tclass=\"so-widget-sow-image so-widget-sow-image-default-8b5b6f678277\"\n\t\t\t\n\t\t>\n<div class=\"sow-image-container\">\n\t\t<img \n\tsrc=\"https:\/\/ork-con.de\/wp-content\/uploads\/2014\/12\/flask.png\" width=\"800\" height=\"600\" srcset=\"https:\/\/ork-con.de\/wp-content\/uploads\/2014\/12\/flask.png 800w, https:\/\/ork-con.de\/wp-content\/uploads\/2014\/12\/flask-300x225.png 300w, https:\/\/ork-con.de\/wp-content\/uploads\/2014\/12\/flask-230x173.png 230w, https:\/\/ork-con.de\/wp-content\/uploads\/2014\/12\/flask-350x263.png 350w, https:\/\/ork-con.de\/wp-content\/uploads\/2014\/12\/flask-480x360.png 480w\" sizes=\"(max-width: 800px) 100vw, 800px\" alt=\"\" \t\tclass=\"so-widget-image\"\/>\n\t<\/div>\n\n<\/div><\/div><\/div><\/div><\/div><\/div><\/div><\/div><\/div><div id=\"pgc-7-3-1\"  class=\"panel-grid-cell\" ><div id=\"panel-7-3-1-0\" class=\"so-panel widget widget_text panel-first-child panel-last-child\" data-index=\"5\" ><div style=\"text-align: left;\" data-title-color=\"#ffffff\" data-headings-color=\"#ffffff\" class=\"panel-widget-style panel-widget-style-for-7-3-1-0\" >\t\t\t<div class=\"textwidget\"><div>\n<h1>Speis & Trank<\/h1>\n<\/br>\nBei einer warmen K\u00fcche kann sich ein jeder eine leckere Mahlzeit f\u00fcr wenig Geld erstehen.\n<\/br>\nGeht euch das Mana aus, so k\u00f6nnt ihr auch Getr\u00e4nke und Snacks kaufen.\n<\/br>\nF\u00fcr Fr\u00fchst\u00fcck ist gesorgt und auch der heilige Kaffee wird nicht fehlen.\n<\/br>\nSo werdet ihr sicher jedes Abenteuer \u00fcberstehen!\n<\/div><\/div>\n\t\t<\/div><\/div><\/div><\/div><\/div><div id=\"pg-7-4\"  class=\"panel-grid panel-has-style\" ><div class=\"siteorigin-panels-stretch panel-row-style panel-row-style-for-7-4\" style=\"text-align: center;padding: 50px 0; \" data-stretch-type=\"full\" data-overlay=\"true\" data-overlay-color=\"#000000\" ><div id=\"pgc-7-4-0\"  class=\"panel-grid-cell\" ><div id=\"panel-7-4-0-0\" class=\"so-panel widget widget_text panel-first-child panel-last-child\" data-index=\"6\" ><div style=\"text-align: left;\" data-title-color=\"#ffffff\" data-headings-color=\"#ffffff\" class=\"panel-widget-style panel-widget-style-for-7-4-0-0\" >\t\t\t<div class=\"textwidget\"><h1> SA 10:00 bis SO 18:00 <\/h1>\n32h nonstop Zocken!\n\n<\/div><\/div>\n\t\t<\/div><\/div><\/div><\/div><\/div><div id=\"pg-7-5\"  class=\"panel-grid panel-has-style\" ><div class=\"siteorigin-panels-stretch panel-row-style panel-row-style-for-7-5\" style=\"text-align: center;padding: 50px 0; \" data-stretch-type=\"full\" data-overlay=\"true\" data-overlay-color=\"#000000\" ><div id=\"pgc-7-5-0\"  class=\"panel-grid-cell\" ><div id=\"panel-7-5-0-0\" class=\"so-panel widget widget_text panel-first-child panel-last-child\" data-index=\"7\" ><div style=\"text-align: left;\" data-title-color=\"#443f3f\" data-headings-color=\"#443f3f\" class=\"panel-widget-style panel-widget-style-for-7-5-0-0\" >\t\t\t<div class=\"textwidget\">\u00c4s gibt'ne Menge Klanz im Orkiv\u00e4rzum, n\u00e4h?All\u00e4 von denen sin' richtig\u00e4 Orkze, aussa ein\u00e4m, un' d\u00e4hr is auch richtig\u00e4 Orkze, nur, dat sin' stinkig\u00e4, m\u00e4nschnz-freundlich\u00e4 Gitze sin' dat, dat sin'se.\n<\/div>\n\t\t<\/div><\/div><\/div><\/div><\/div><\/div>","protected":false},"excerpt":{"rendered":"<p>03. &amp; 04. O(r)ktober 2026 Spannende Rollenspielrunden, Interessannte Brettspiele (mit Hilfe nat\u00fcrlich), H\u00e4ndler, und vieles mehr<\/p>\n","protected":false},"author":1,"featured_media":0,"parent":0,"menu_order":1,"comment_status":"open","ping_status":"open","template":"page-templates\/page_front-page.php","meta":{"footnotes":""},"class_list":["post-7","page","type-page","status-publish","hentry"],"_links":{"self":[{"href":"https:\/\/ork-con.de\/index.php?rest_route=\/wp\/v2\/pages\/7","targetHints":{"allow":["GET"]}}],"collection":[{"href":"https:\/\/ork-con.de\/index.php?rest_route=\/wp\/v2\/pages"}],"about":[{"href":"https:\/\/ork-con.de\/index.php?rest_route=\/wp\/v2\/types\/page"}],"author":[{"embeddable":true,"href":"https:\/\/ork-con.de\/index.php?rest_route=\/wp\/v2\/users\/1"}],"replies":[{"embeddable":true,"href":"https:\/\/ork-con.de\/index.php?rest_route=%2Fwp%2Fv2%2Fcomments&post=7"}],"version-history":[{"count":125,"href":"https:\/\/ork-con.de\/index.php?rest_route=\/wp\/v2\/pages\/7\/revisions"}],"predecessor-version":[{"id":1959,"href":"https:\/\/ork-con.de\/index.php?rest_route=\/wp\/v2\/pages\/7\/revisions\/1959"}],"wp:attachment":[{"href":"https:\/\/ork-con.de\/index.php?rest_route=%2Fwp%2Fv2%2Fmedia&parent=7"}],"curies":[{"name":"wp","href":"https:\/\/api.w.org\/{rel}","templated":true}]}}