{"id":958,"date":"2017-12-15T17:05:32","date_gmt":"2017-12-15T17:05:32","guid":{"rendered":"http:\/\/ork-con.de\/?page_id=958"},"modified":"2017-12-16T11:17:51","modified_gmt":"2017-12-16T11:17:51","slug":"anmeldung","status":"publish","type":"page","link":"https:\/\/ork-con.de\/?page_id=958","title":{"rendered":"Anmeldung"},"content":{"rendered":"<div id=\"pl-958\"  class=\"panel-layout\" ><div id=\"pg-958-0\"  class=\"panel-grid panel-has-style\" ><div style=\"padding: 100px 0; \" data-overlay=\"true\" class=\"panel-row-style panel-row-style-for-958-0\" ><div id=\"pgc-958-0-0\"  class=\"panel-grid-cell\" ><div id=\"panel-958-0-0-0\" class=\"so-panel widget widget_sow-editor panel-first-child panel-last-child\" data-index=\"0\" ><div\n\t\t\t\n\t\t\tclass=\"so-widget-sow-editor so-widget-sow-editor-base\"\n\t\t\t\n\t\t>\n<div class=\"siteorigin-widget-tinymce textwidget\">\n\t\n<div class=\"wpcf7 no-js\" id=\"wpcf7-f281-o1\" lang=\"de-DE\" dir=\"ltr\" data-wpcf7-id=\"281\">\n<div class=\"screen-reader-response\"><p role=\"status\" aria-live=\"polite\" aria-atomic=\"true\"><\/p> <ul><\/ul><\/div>\n<form action=\"\/index.php?rest_route=%2Fwp%2Fv2%2Fpages%2F958#wpcf7-f281-o1\" method=\"post\" class=\"wpcf7-form init\" aria-label=\"Kontaktformular\" novalidate=\"novalidate\" data-status=\"init\">\n<fieldset class=\"hidden-fields-container\"><input type=\"hidden\" name=\"_wpcf7\" value=\"281\" \/><input type=\"hidden\" name=\"_wpcf7_version\" value=\"6.1.2\" \/><input type=\"hidden\" name=\"_wpcf7_locale\" value=\"de_DE\" \/><input type=\"hidden\" name=\"_wpcf7_unit_tag\" value=\"wpcf7-f281-o1\" \/><input type=\"hidden\" name=\"_wpcf7_container_post\" value=\"0\" \/><input type=\"hidden\" name=\"_wpcf7_posted_data_hash\" value=\"\" \/>\n<\/fieldset>\n<p>Dein Name (wird ver\u00f6ffentlicht)*\n<\/p>\n<p><span class=\"wpcf7-form-control-wrap\" data-name=\"your-name\"><input size=\"40\" maxlength=\"400\" class=\"wpcf7-form-control wpcf7-text wpcf7-validates-as-required\" aria-required=\"true\" aria-invalid=\"false\" value=\"\" type=\"text\" name=\"your-name\" \/><\/span>\n<\/p>\n<p>Deine E-Mail-Adresse (wird nicht ver\u00f6ffentlicht)*\n<\/p>\n<p><span class=\"wpcf7-form-control-wrap\" data-name=\"your-email\"><input size=\"40\" maxlength=\"400\" class=\"wpcf7-form-control wpcf7-email wpcf7-validates-as-required wpcf7-text wpcf7-validates-as-email\" aria-required=\"true\" aria-invalid=\"false\" value=\"\" type=\"email\" name=\"your-email\" \/><\/span>\n<\/p>\n<p>System*<br \/>\n<span class=\"wpcf7-form-control-wrap\" data-name=\"system\"><input size=\"40\" maxlength=\"400\" class=\"wpcf7-form-control wpcf7-text wpcf7-validates-as-required\" aria-required=\"true\" aria-invalid=\"false\" value=\"\" type=\"text\" name=\"system\" \/><\/span>\n<\/p>\n<p>Abenteuer*<br \/>\n<span class=\"wpcf7-form-control-wrap\" data-name=\"Abenteuer\"><input size=\"40\" maxlength=\"400\" class=\"wpcf7-form-control wpcf7-text wpcf7-validates-as-required\" aria-required=\"true\" aria-invalid=\"false\" value=\"\" type=\"text\" name=\"Abenteuer\" \/><\/span>\n<\/p>\n<p>W\u00e4hle einen Tag*<br \/>\n<span class=\"wpcf7-form-control-wrap\" data-name=\"festivaltag\"><select class=\"wpcf7-form-control wpcf7-select wpcf7-validates-as-required\" aria-required=\"true\" aria-invalid=\"false\" name=\"festivaltag\"><option value=\"Samstag\">Samstag<\/option><option value=\"Sonntag\">Sonntag<\/option><\/select><\/span>\n<\/p>\n<p>Wann w\u00fcrdest du gerne Beginnen?*<br \/>\n<span class=\"wpcf7-form-control-wrap\" data-name=\"Uhrzeit\"><input size=\"40\" maxlength=\"400\" class=\"wpcf7-form-control wpcf7-text wpcf7-validates-as-required\" aria-required=\"true\" aria-invalid=\"false\" value=\"\" type=\"text\" name=\"Uhrzeit\" \/><\/span>\n<\/p>\n<p>Wie lange dauert es ca?( in Stunden)*<br \/>\n<span class=\"wpcf7-form-control-wrap\" data-name=\"dauer\"><input size=\"40\" maxlength=\"400\" class=\"wpcf7-form-control wpcf7-text wpcf7-validates-as-required\" aria-required=\"true\" aria-invalid=\"false\" value=\"\" type=\"text\" name=\"dauer\" \/><\/span>\n<\/p>\n<p>Anzahl der Spieler*<br \/>\n<span class=\"wpcf7-form-control-wrap\" data-name=\"Spieler\"><input size=\"40\" maxlength=\"400\" class=\"wpcf7-form-control wpcf7-text wpcf7-validates-as-required\" aria-required=\"true\" aria-invalid=\"false\" value=\"\" type=\"text\" name=\"Spieler\" \/><\/span>\n<\/p>\n<p>Charaktere*<br \/>\n<span class=\"wpcf7-form-control-wrap\" data-name=\"Charaktere\"><select class=\"wpcf7-form-control wpcf7-select wpcf7-validates-as-required\" aria-required=\"true\" aria-invalid=\"false\" name=\"Charaktere\"><option value=\"Niedrige Stufe\">Niedrige Stufe<\/option><option value=\"Mittlere Stufe\">Mittlere Stufe<\/option><option value=\"Hohe Stufe\">Hohe Stufe<\/option><option value=\"Charaktere werden gestellt\">Charaktere werden gestellt<\/option><option value=\"Egal\">Egal<\/option><\/select><\/span>\n<\/p>\n<p> Gibt es vorgefertigte Charaktere?*<br \/>\n<span class=\"wpcf7-form-control-wrap\" data-name=\"vorgefertigteCharaktere\"><span class=\"wpcf7-form-control wpcf7-radio\"><span class=\"wpcf7-list-item first\"><input type=\"radio\" name=\"vorgefertigteCharaktere\" value=\"Ja\" \/><span class=\"wpcf7-list-item-label\">Ja<\/span><\/span><span class=\"wpcf7-list-item last\"><input type=\"radio\" name=\"vorgefertigteCharaktere\" value=\"Nein\" \/><span class=\"wpcf7-list-item-label\">Nein<\/span><\/span><\/span><\/span>\n<\/p>\n<p>Beschreibe kurz dein Abenteuer:*<br \/>\n<span class=\"wpcf7-form-control-wrap\" data-name=\"beschreibung\"><textarea cols=\"40\" rows=\"10\" maxlength=\"2000\" class=\"wpcf7-form-control wpcf7-textarea wpcf7-validates-as-required\" aria-required=\"true\" aria-invalid=\"false\" name=\"beschreibung\"><\/textarea><\/span>\n<\/p>\n<p><span class=\"wpcf7-form-control-wrap\" data-name=\"quiz-992\"><label><span class=\"wpcf7-quiz-label\">In welchem Monat findet die Con statt?<\/span> <input size=\"40\" class=\"wpcf7-form-control wpcf7-quiz\" autocomplete=\"off\" aria-required=\"true\" aria-invalid=\"false\" type=\"text\" name=\"quiz-992\" \/><\/label><input type=\"hidden\" name=\"_wpcf7_quiz_answer_quiz-992\" value=\"e523937bc6eeecc337438e73a11a894b\" \/><\/span>\n<\/p>\n<p><input class=\"wpcf7-form-control wpcf7-submit has-spinner\" type=\"submit\" value=\"Senden\" \/>\n<\/p>\n<div class=\"wpcf7-response-output\" aria-hidden=\"true\"><\/div>\n<\/form>\n<\/div>\n\n<\/div>\n<\/div><\/div><\/div><\/div><\/div><\/div>","protected":false},"excerpt":{"rendered":"<p>Dein Name (wird ver\u00f6ffentlicht)* Deine E-Mail-Adresse (wird nicht ver\u00f6ffentlicht)* System* Abenteuer* W\u00e4hle einen Tag* SamstagSonntag Wann w\u00fcrdest du gerne Beginnen?* Wie lange [&hellip;]<\/p>\n","protected":false},"author":1,"featured_media":0,"parent":0,"menu_order":0,"comment_status":"closed","ping_status":"closed","template":"","meta":{"footnotes":""},"class_list":["post-958","page","type-page","status-publish","hentry"],"yoast_head":"<!-- This site is optimized with the Yoast SEO plugin v27.4 - https:\/\/yoast.com\/product\/yoast-seo-wordpress\/ -->\n<title>Anmeldung - Ork Con 2025<\/title>\n<meta name=\"robots\" content=\"index, follow, max-snippet:-1, max-image-preview:large, max-video-preview:-1\" \/>\n<link rel=\"canonical\" href=\"http:\/\/ork-con.de\/?page_id=958\" \/>\n<meta property=\"og:locale\" content=\"de_DE\" \/>\n<meta property=\"og:type\" content=\"article\" \/>\n<meta property=\"og:title\" content=\"Anmeldung - Ork Con 2025\" \/>\n<meta property=\"og:description\" content=\"Dein Name (wird ver\u00f6ffentlicht)* Deine E-Mail-Adresse (wird nicht ver\u00f6ffentlicht)* System* Abenteuer* W\u00e4hle einen Tag* SamstagSonntag Wann w\u00fcrdest du gerne Beginnen?* Wie lange [&hellip;]\" \/>\n<meta property=\"og:url\" content=\"http:\/\/ork-con.de\/?page_id=958\" \/>\n<meta property=\"og:site_name\" content=\"Ork Con 2025\" \/>\n<meta property=\"article:modified_time\" content=\"2017-12-16T11:17:51+00:00\" \/>\n<meta name=\"twitter:card\" content=\"summary_large_image\" \/>\n<script type=\"application\/ld+json\" class=\"yoast-schema-graph\">{\"@context\":\"https:\\\/\\\/schema.org\",\"@graph\":[{\"@type\":\"WebPage\",\"@id\":\"http:\\\/\\\/ork-con.de\\\/?page_id=958\",\"url\":\"http:\\\/\\\/ork-con.de\\\/?page_id=958\",\"name\":\"Anmeldung - Ork Con 2025\",\"isPartOf\":{\"@id\":\"https:\\\/\\\/ork-con.de\\\/#website\"},\"datePublished\":\"2017-12-15T17:05:32+00:00\",\"dateModified\":\"2017-12-16T11:17:51+00:00\",\"breadcrumb\":{\"@id\":\"http:\\\/\\\/ork-con.de\\\/?page_id=958#breadcrumb\"},\"inLanguage\":\"de\",\"potentialAction\":[{\"@type\":\"ReadAction\",\"target\":[\"http:\\\/\\\/ork-con.de\\\/?page_id=958\"]}]},{\"@type\":\"BreadcrumbList\",\"@id\":\"http:\\\/\\\/ork-con.de\\\/?page_id=958#breadcrumb\",\"itemListElement\":[{\"@type\":\"ListItem\",\"position\":1,\"name\":\"Start\",\"item\":\"https:\\\/\\\/ork-con.de\\\/\"},{\"@type\":\"ListItem\",\"position\":2,\"name\":\"Anmeldung\"}]},{\"@type\":\"WebSite\",\"@id\":\"https:\\\/\\\/ork-con.de\\\/#website\",\"url\":\"https:\\\/\\\/ork-con.de\\\/\",\"name\":\"Ork Con 2025\",\"description\":\"Orks und Spiele\",\"potentialAction\":[{\"@type\":\"SearchAction\",\"target\":{\"@type\":\"EntryPoint\",\"urlTemplate\":\"https:\\\/\\\/ork-con.de\\\/?s={search_term_string}\"},\"query-input\":{\"@type\":\"PropertyValueSpecification\",\"valueRequired\":true,\"valueName\":\"search_term_string\"}}],\"inLanguage\":\"de\"}]}<\/script>\n<!-- \/ Yoast SEO plugin. -->","yoast_head_json":{"title":"Anmeldung - Ork Con 2025","robots":{"index":"index","follow":"follow","max-snippet":"max-snippet:-1","max-image-preview":"max-image-preview:large","max-video-preview":"max-video-preview:-1"},"canonical":"http:\/\/ork-con.de\/?page_id=958","og_locale":"de_DE","og_type":"article","og_title":"Anmeldung - Ork Con 2025","og_description":"Dein Name (wird ver\u00f6ffentlicht)* Deine E-Mail-Adresse (wird nicht ver\u00f6ffentlicht)* System* Abenteuer* W\u00e4hle einen Tag* SamstagSonntag Wann w\u00fcrdest du gerne Beginnen?* Wie lange [&hellip;]","og_url":"http:\/\/ork-con.de\/?page_id=958","og_site_name":"Ork Con 2025","article_modified_time":"2017-12-16T11:17:51+00:00","twitter_card":"summary_large_image","schema":{"@context":"https:\/\/schema.org","@graph":[{"@type":"WebPage","@id":"http:\/\/ork-con.de\/?page_id=958","url":"http:\/\/ork-con.de\/?page_id=958","name":"Anmeldung - Ork Con 2025","isPartOf":{"@id":"https:\/\/ork-con.de\/#website"},"datePublished":"2017-12-15T17:05:32+00:00","dateModified":"2017-12-16T11:17:51+00:00","breadcrumb":{"@id":"http:\/\/ork-con.de\/?page_id=958#breadcrumb"},"inLanguage":"de","potentialAction":[{"@type":"ReadAction","target":["http:\/\/ork-con.de\/?page_id=958"]}]},{"@type":"BreadcrumbList","@id":"http:\/\/ork-con.de\/?page_id=958#breadcrumb","itemListElement":[{"@type":"ListItem","position":1,"name":"Start","item":"https:\/\/ork-con.de\/"},{"@type":"ListItem","position":2,"name":"Anmeldung"}]},{"@type":"WebSite","@id":"https:\/\/ork-con.de\/#website","url":"https:\/\/ork-con.de\/","name":"Ork Con 2025","description":"Orks und Spiele","potentialAction":[{"@type":"SearchAction","target":{"@type":"EntryPoint","urlTemplate":"https:\/\/ork-con.de\/?s={search_term_string}"},"query-input":{"@type":"PropertyValueSpecification","valueRequired":true,"valueName":"search_term_string"}}],"inLanguage":"de"}]}},"_links":{"self":[{"href":"https:\/\/ork-con.de\/index.php?rest_route=\/wp\/v2\/pages\/958","targetHints":{"allow":["GET"]}}],"collection":[{"href":"https:\/\/ork-con.de\/index.php?rest_route=\/wp\/v2\/pages"}],"about":[{"href":"https:\/\/ork-con.de\/index.php?rest_route=\/wp\/v2\/types\/page"}],"author":[{"embeddable":true,"href":"https:\/\/ork-con.de\/index.php?rest_route=\/wp\/v2\/users\/1"}],"replies":[{"embeddable":true,"href":"https:\/\/ork-con.de\/index.php?rest_route=%2Fwp%2Fv2%2Fcomments&post=958"}],"version-history":[{"count":4,"href":"https:\/\/ork-con.de\/index.php?rest_route=\/wp\/v2\/pages\/958\/revisions"}],"predecessor-version":[{"id":1903,"href":"https:\/\/ork-con.de\/index.php?rest_route=\/wp\/v2\/pages\/958\/revisions\/1903"}],"wp:attachment":[{"href":"https:\/\/ork-con.de\/index.php?rest_route=%2Fwp%2Fv2%2Fmedia&parent=958"}],"curies":[{"name":"wp","href":"https:\/\/api.w.org\/{rel}","templated":true}]}}